{"id":947,"date":"2019-04-11T10:31:36","date_gmt":"2019-04-11T10:31:36","guid":{"rendered":"https:\/\/www.elcuidadordelabolsa.com\/?page_id=947"},"modified":"2024-11-29T14:16:11","modified_gmt":"2024-11-29T14:16:11","slug":"criptodivisas","status":"publish","type":"page","link":"https:\/\/www.elcuidadordelabolsa.com\/?page_id=947","title":{"rendered":"Criptodivisas"},"content":{"rendered":"\t\t<div data-elementor-type=\"wp-page\" data-elementor-id=\"947\" class=\"elementor elementor-947\">\n\t\t\t\t\t\t<section class=\"elementor-section elementor-top-section elementor-element elementor-element-2f5a896d elementor-section-boxed elementor-section-height-default elementor-section-height-default\" data-id=\"2f5a896d\" data-element_type=\"section\">\n\t\t\t\t\t\t<div class=\"elementor-container elementor-column-gap-default\">\n\t\t\t\t\t<div class=\"elementor-column elementor-col-100 elementor-top-column elementor-element elementor-element-aedefc4\" data-id=\"aedefc4\" data-element_type=\"column\">\n\t\t\t<div class=\"elementor-widget-wrap elementor-element-populated\">\n\t\t\t\t\t\t<div class=\"elementor-element elementor-element-2b3a3e06 elementor-widget elementor-widget-shortcode\" data-id=\"2b3a3e06\" data-element_type=\"widget\" data-widget_type=\"shortcode.default\">\n\t\t\t\t<div class=\"elementor-widget-container\">\n\t\t\t\t\t<div class=\"elementor-shortcode\">[et_pb_section bb_built=\"1\" _builder_version=\"3.19.9\"][et_pb_row _builder_version=\"3.19.9\"][et_pb_column type=\"1_2\"][et_pb_code _builder_version=\"3.19.9\"]<iframe width=\"560\" height=\"315\" src=\"https:\/\/www.youtube.com\/embed\/WHsvno3fTIU\" frameborder=\"0\" allow=\"accelerometer; autoplay; encrypted-media; gyroscope; picture-in-picture\" allowfullscreen><\/iframe>[\/et_pb_code][\/et_pb_column][et_pb_column type=\"1_2\"][et_pb_text _builder_version=\"3.19.9\"]\r\n\r\n<blockquote class=\"wp-block-quote\"><p>En 1999 el visionario y Premio N\u00f3bel de Econom\u00eda dijo<em>: \" Creo que Internet ser\u00e1 una de las principales fuerzas para reducir el papel del gobierno. Lo \u00fanico que falta, pero que pronto se desarrollar\u00e1, es una divisa electr\u00f3nica confiable...\"<\/em> <\/p><p><cite>Milton Friedman<\/cite> <\/p><\/blockquote><blockquote><p>Nueve a\u00f1os mas tarde, <a href=\"http:\/\/www.metzdowd.com\/pipermail\/cryptography\/2008-October\/014810.html\">se anuncia el 31 de octubre de 2008<\/a> , aparece la primera publicaci\u00f3n del Bitcoin por parte de Satoshi Nakamoto (pseud\u00f3nimo de autor o autores)<\/p><\/blockquote>\r\n\r\n[\/et_pb_text][\/et_pb_column][\/et_pb_row][\/et_pb_section]<\/div>\n\t\t\t\t<\/div>\n\t\t\t\t<\/div>\n\t\t\t\t<div class=\"elementor-element elementor-element-50f6f0a elementor-widget elementor-widget-text-editor\" data-id=\"50f6f0a\" data-element_type=\"widget\" data-widget_type=\"text-editor.default\">\n\t\t\t\t<div class=\"elementor-widget-container\">\n\t\t\t\t\t\t\t<div class=\"category\"><span style=\"color: #000000;\"><span class=\"category\">Viernes <\/span><span class=\"property\" data-date-test=\"2024-11-29T14:21:00.000+01:00\">29 Noviembre 2024<\/span><\/span><\/div><h1 class=\"title-article\" data-titulo=\"Criptomonedas: una nueva oportunidad de inversi\u00f3n\"><span style=\"color: #ff0000;\">Criptomonedas: una nueva forma de inversi\u00f3n<\/span><\/h1><div class=\"bodyarticle\"><p><span style=\"color: #000000;\">En la \u00faltima d\u00e9cada, las criptomonedas han pasado de ser una curiosidad tecnol\u00f3gica a consolidarse como una clase de activos reconocida a nivel mundial. A pesar de su volatilidad, estas inversiones ofrecen oportunidades \u00fanicas que vale la pena explorar, siempre con una estrategia bien planificada.<\/span><\/p><h3><span style=\"color: #000000;\">Rendimientos y riesgos: lo que debes saber\u00a0<\/span><\/h3><p><span style=\"color: #000000;\">El crecimiento del mercado de criptomonedas ha sido extraordinario, con Bitcoin como el ejemplo m\u00e1s destacado. En los \u00faltimos diez a\u00f1os, ha ofrecido rentabilidades que superan ampliamente las de activos tradicionales (en la \u00faltima d\u00e9cada, Bitcoin ha tenido un rendimiento anual promedio del 230%, mientras que el MSCI World Index ha crecido el 7,5% anual). Sin embargo, la alta volatilidad del mercado es un factor clave, llegando a tener ca\u00eddas importante de hasta m\u00e1s del 80% (entre diciembre de 2017 y diciembre de 2018, Bitcoin cay\u00f3 en torno al 84%; entre noviembre de 2021 y el mismo mes de 2022, la ca\u00edda fue de un 77% y entre noviembre de 2013 y enero de 2015 Bitcoin experiment\u00f3 una ca\u00edda cercana al 70%). Esta dualidad entre alto rendimiento y riesgo significativo subraya la importancia de invertir con cautela.<\/span><\/p><h3><span style=\"color: #000000;\">\u00bfQui\u00e9nes invierten en criptomonedas en Espa\u00f1a?<\/span><\/h3><p><span style=\"color: #000000;\">Seg\u00fan la CNMV,\u00a0<a style=\"color: #000000;\" href=\"https:\/\/www.cnmv.es\/portal\/verDoc.axd?t=%7B714e1e4c-b334-4252-b1f5-677cf438bcb5%7D\"><u><b>el 7% de los inversores espa\u00f1oles ya invierten en criptomonedas<\/b><\/u><\/a>. La mayor\u00eda son hombres de unos 40 a\u00f1os y asignan una proporci\u00f3n peque\u00f1a de su patrimonio, generalmente menos del 5%. Esto demuestra un enfoque prudente, usando las criptomonedas m\u00e1s como una herramienta de diversificaci\u00f3n que como una apuesta principal.<\/span><\/p><h3><span style=\"color: #000000;\">Opciones para comprar criptomonedas<\/span><\/h3><ol><li><span style=\"color: #000000;\"><b>Compra directa y Wallets:<\/b>\u00a0adquirir criptomonedas directamente y almacenarlas en un monedero digital te da control total, aunque tambi\u00e9n conlleva mayor responsabilidad.<\/span><\/li><li><span style=\"color: #000000;\"><b>Exchanges:<\/b>\u00a0plataformas que facilitan la compra y venta, aunque los activos est\u00e1n custodiados por terceros.<\/span><\/li><li><span style=\"color: #000000;\"><b>Fondos y ETFs:<\/b> los ETFs y fondos especializados en criptomonedas son ideales para quienes prefieren delegar la gesti\u00f3n a profesionales.\u00a0 Ofrecemos ETFs regulados, dise\u00f1ados para facilitar el acceso al mercado cripto de manera estructurada.<\/span><\/li><\/ol><p><span style=\"color: #000000;\">Entendemos que cada inversor tiene necesidades y objetivos diferentes. Por eso, ya existe un <a style=\"color: #000000;\" href=\"https:\/\/www.r4.com\/portal?FWD=CNT002&amp;TX=goto&amp;TP=1&amp;DST=FND&amp;COD_ISIN=ES0173053002&amp;DIVI=EUR&amp;CBR=\"><b><u>fondo de Bitcoin dirigido a inversores profesionales<\/u><\/b><\/a>, y ahora ampliamos nuestra oferta con ETFs accesibles para inversores minoristas.<\/span><\/p><h3><span style=\"color: #000000;\">Los riesgos de invertir en cripto<\/span><\/h3><p><span style=\"color: #000000;\">A continuaci\u00f3n, enumeramos los riesgos principales de los productos. Los riesgos var\u00edan en funci\u00f3n de la forma que elijas para invertir en cripto y el producto concreto.<\/span><\/p><ul><li><span style=\"color: #000000;\">Si adquieres\u00a0<b>directamente el producto<\/b>, debes tener en cuenta que los criptoactivos son productos de alto riesgo, que presentan riesgos propios de la tecnolog\u00eda y que cuentan con riesgos legales que es preciso tomar en consideraci\u00f3n\u00a0(puedes consultar la nota al pie de este texto si deseas ampliar la informaci\u00f3n).<\/span><\/li><li><span style=\"color: #000000;\">Si inviertes en criptoactivos\u00a0<b>a trav\u00e9s de productos financieros tradicionales<\/b>, debes considerar tanto los riesgos del producto como los espec\u00edficos de los criptoactivos. Estas inversiones suelen ser de alto riesgo, especialmente en proyectos en fases iniciales, donde es clave entender bien su modelo de negocio. Adem\u00e1s, los precios de los criptoactivos no est\u00e1n respaldados por los mecanismos regulatorios de los mercados tradicionales, lo que puede generar m\u00e1s volatilidad. Por \u00faltimo, las tecnolog\u00edas que los soportan a\u00fan son recientes y pueden tener fallos en su funcionamiento o seguridad.<\/span><\/li><\/ul><\/div><p>\u00a0<\/p><div class=\"bodyarticle\"><h3><span style=\"color: #000000;\">Productos destacados:<\/span><\/h3><div class=\"overflow-auto\"><table border=\"1\"><tbody><tr><td><span style=\"color: #000000;\"><b>Fondo<\/b><\/span><\/td><td><span style=\"color: #000000;\"><b>Caracter\u00edsticas<\/b><\/span><\/td><\/tr><tr><td><span style=\"color: #000000;\"><b><a style=\"color: #000000;\" href=\"https:\/\/www.r4.com\/portal?FWD=CNT002&amp;TX=goto&amp;TP=1&amp;DST=FND&amp;COD_ISIN=XS2434891219&amp;MKT=MFR\"><u>Fidelity Physical Bitcoin ETP<\/u><\/a><\/b><\/span><\/td><td><span style=\"color: #000000;\">&#8211; Ofrece exposici\u00f3n directa a Bitcoin.<\/span><br \/><span style=\"color: #000000;\">&#8211; Se beneficia del respaldo de Fidelity.<\/span><br \/><span style=\"color: #000000;\">&#8211; Ideal para aquellos que buscan invertir en el \u00aboro digital\u00bb con la seguridad de un gran gestor.<\/span><\/td><\/tr><tr><td><span style=\"color: #000000;\"><b><a style=\"color: #000000;\" href=\"https:\/\/www.r4.com\/portal?FWD=CNT002&amp;TX=goto&amp;TP=1&amp;DST=FND&amp;COD_ISIN=DE000A28M8D0&amp;MKT=MFR\"><u>VanEck Bitcoin ETN<\/u><\/a><\/b>\u00a0y\u00a0<b><a style=\"color: #000000;\" href=\"https:\/\/www.r4.com\/portal?FWD=CNT002&amp;TX=goto&amp;TP=1&amp;DST=FND&amp;COD_ISIN=DE000A3GPSP7&amp;MKT=MFR\"><u>VanEck Ethereum ETN<\/u><\/a><\/b><\/span><\/td><td><span style=\"color: #000000;\">&#8211; Con opciones tanto para Bitcoin como para Ethereum.<\/span><br \/><span style=\"color: #000000;\">&#8211; VanEck es conocido por sus soluciones de inversi\u00f3n innovadoras y bien estructuradas.<\/span><\/td><\/tr><tr><td><span style=\"color: #000000;\"><b><a style=\"color: #000000;\" href=\"https:\/\/www.r4.com\/portal?FWD=CNT002&amp;TX=goto&amp;TP=1&amp;DST=FND&amp;COD_ISIN=GB00BNGJ9G01&amp;MKT=MFR\"><u>WisdomTree Physical Solana ETP<\/u><\/a><\/b><\/span><\/td><td><span style=\"color: #000000;\">&#8211; Para inversores que buscan diversificar m\u00e1s all\u00e1 de las principales criptomonedas.<\/span><br \/><span style=\"color: #000000;\">&#8211; Junto con otros emisores, como 21Shares y ETC Group, ofrecen una gama a\u00fan m\u00e1s amplia, incluyendo altcoins como Avalanche, Polkadot y Ripple, facilitando una diversificaci\u00f3n m\u00e1s completa en este espacio.<\/span><\/td><\/tr><\/tbody><\/table><\/div><p><span style=\"color: #000000;\">Estos productos est\u00e1n dise\u00f1ados para adaptarse a diferentes niveles de riesgo y diversificaci\u00f3n. Si est\u00e1s interesado, te recomendamos contactar con nosotros para explorar las opciones que mejor encajen con tu estrategia.\u00a0<\/span><\/p><\/div>\t\t\t\t\t\t<\/div>\n\t\t\t\t<\/div>\n\t\t\t\t<div class=\"elementor-element elementor-element-5ba603b elementor-widget elementor-widget-text-editor\" data-id=\"5ba603b\" data-element_type=\"widget\" data-widget_type=\"text-editor.default\">\n\t\t\t\t<div class=\"elementor-widget-container\">\n\t\t\t\t\t\t\t<p><span style=\"color: #000000;\"><strong>MAYO-JUNIO 2022<\/strong><\/span><\/p><p><a href=\"https:\/\/www.cnmv.es\/portal\/verDoc.axd?t=%7B714e1e4c-b334-4252-b1f5-677cf438bcb5%7D\">ESTUDIO SOBRE LAS CRIPTOMONEDAS Y LA EFECTIVIDAD DE LAS MEDIDAS IMPULSADAS POR LA CNMV<\/a><\/p>\t\t\t\t\t\t<\/div>\n\t\t\t\t<\/div>\n\t\t\t\t<section class=\"elementor-section elementor-inner-section elementor-element elementor-element-9855cda elementor-section-boxed elementor-section-height-default elementor-section-height-default\" data-id=\"9855cda\" data-element_type=\"section\">\n\t\t\t\t\t\t<div class=\"elementor-container elementor-column-gap-default\">\n\t\t\t\t\t<div class=\"elementor-column elementor-col-50 elementor-inner-column elementor-element elementor-element-1e98934\" data-id=\"1e98934\" data-element_type=\"column\">\n\t\t\t<div class=\"elementor-widget-wrap elementor-element-populated\">\n\t\t\t\t\t\t<div class=\"elementor-element elementor-element-2eb4cdc elementor-widget elementor-widget-image\" data-id=\"2eb4cdc\" data-element_type=\"widget\" data-widget_type=\"image.default\">\n\t\t\t\t<div class=\"elementor-widget-container\">\n\t\t\t\t\t\t\t\t\t\t\t\t\t<img decoding=\"async\" width=\"150\" height=\"150\" src=\"https:\/\/www.elcuidadordelabolsa.com\/wp-content\/uploads\/2022\/01\/solana-150x150.jpg\" class=\"attachment-thumbnail size-thumbnail wp-image-14827\" alt=\"\" \/>\t\t\t\t\t\t\t\t\t\t\t\t\t<\/div>\n\t\t\t\t<\/div>\n\t\t\t\t\t<\/div>\n\t\t<\/div>\n\t\t\t\t<div class=\"elementor-column elementor-col-50 elementor-inner-column elementor-element elementor-element-f860df8\" data-id=\"f860df8\" data-element_type=\"column\">\n\t\t\t<div class=\"elementor-widget-wrap elementor-element-populated\">\n\t\t\t\t\t\t<div class=\"elementor-element elementor-element-0c6187e elementor-widget elementor-widget-text-editor\" data-id=\"0c6187e\" data-element_type=\"widget\" data-widget_type=\"text-editor.default\">\n\t\t\t\t<div class=\"elementor-widget-container\">\n\t\t\t\t\t\t\t<div class=\"copy\"><span style=\"color: #000000;\"><strong>14\/01\/2022<\/strong><\/span><\/div><div><span style=\"color: #000000;\">Bank of America se ha unido a las voces que defienden los casos de uso de las blockchaine de <span style=\"color: #ff0000;\"><strong>SOLANA<\/strong><\/span> por delante de la cadena de bloques de Ethereum y en un reciente informe ha dicho que la red del token sol se convertir\u00e1 en la Visa del ecosistema de los activos digitales, que por cierto ha publicado una encuesta en la que muestran que uno de cada cuatro peque\u00f1os negocios van a aceptar bitcoin en 2022.<\/span><\/div>\t\t\t\t\t\t<\/div>\n\t\t\t\t<\/div>\n\t\t\t\t\t<\/div>\n\t\t<\/div>\n\t\t\t\t\t<\/div>\n\t\t<\/section>\n\t\t\t\t<div class=\"elementor-element elementor-element-90d86da elementor-widget elementor-widget-text-editor\" data-id=\"90d86da\" data-element_type=\"widget\" data-widget_type=\"text-editor.default\">\n\t\t\t\t<div class=\"elementor-widget-container\">\n\t\t\t\t\t\t\t<div class=\"copy\"><span style=\"color: #000000;\"><strong>29\/03\/2021.-<\/strong> Visa, la red comercial de pagos electr\u00f3nicos, permitir\u00e1 el uso de la criptomoneda USD Coin para liquidar transacciones en su red de pago, por lo que ha lanzado el programa piloto con la plataforma de pago y criptomonedas Crypto.com y planea ofrecer la opci\u00f3n a m\u00e1s socios a finales de este a\u00f1o. Esto demuestra la aceptaci\u00f3n de las monedas digitales por parte de la industria financiera convencional. La moneda <strong>USD Coin (USDC)<\/strong> es una criptomoneda estable cuyo valor est\u00e1 vinculado directamente al d\u00f3lar. La medida de Visa se produce en un momento en que grandes firmas financieras como BNY Mellon, BlackRock y Mastercard han adoptado algunas monedas digitales, lo que genera predicciones de que se convertir\u00e1n en una parte habitual de las carteras de inversi\u00f3n. <br \/><\/span><\/div>\t\t\t\t\t\t<\/div>\n\t\t\t\t<\/div>\n\t\t\t\t\t<\/div>\n\t\t<\/div>\n\t\t\t\t\t<\/div>\n\t\t<\/section>\n\t\t\t\t<section class=\"elementor-section elementor-top-section elementor-element elementor-element-4d2edd5 elementor-section-boxed elementor-section-height-default elementor-section-height-default\" data-id=\"4d2edd5\" data-element_type=\"section\">\n\t\t\t\t\t\t<div class=\"elementor-container elementor-column-gap-default\">\n\t\t\t\t\t<div class=\"elementor-column elementor-col-33 elementor-top-column elementor-element elementor-element-9fd8602\" data-id=\"9fd8602\" data-element_type=\"column\">\n\t\t\t<div class=\"elementor-widget-wrap elementor-element-populated\">\n\t\t\t\t\t\t<div class=\"elementor-element elementor-element-74ae793 elementor-widget elementor-widget-heading\" data-id=\"74ae793\" data-element_type=\"widget\" data-widget_type=\"heading.default\">\n\t\t\t\t<div class=\"elementor-widget-container\">\n\t\t\t<h2 class=\"elementor-heading-title elementor-size-default\">Ethereum<\/h2>\t\t<\/div>\n\t\t\t\t<\/div>\n\t\t\t\t\t<\/div>\n\t\t<\/div>\n\t\t\t\t<div class=\"elementor-column elementor-col-66 elementor-top-column elementor-element elementor-element-22e345b\" data-id=\"22e345b\" data-element_type=\"column\">\n\t\t\t<div class=\"elementor-widget-wrap elementor-element-populated\">\n\t\t\t\t\t\t<div class=\"elementor-element elementor-element-abd9c98 elementor-widget elementor-widget-text-editor\" data-id=\"abd9c98\" data-element_type=\"widget\" data-widget_type=\"text-editor.default\">\n\t\t\t\t<div class=\"elementor-widget-container\">\n\t\t\t\t\t\t\t<p><strong>Viernes 20 Noviembre 2020.-<\/strong> Ether (ETH), la criptomoneda de Ethereum, ha roto hoy sobre las 10 de la ma\u00f1ana, la resistencia de los 500 $ (Coin MarketCap) en m\u00e1s de 2 a\u00f1os. El hash rate de la red ha alcanzado un nuevo m\u00e1ximo hist\u00f3rico, lo que indica que m\u00e1s mineros se est\u00e1n uniendo a la carrera por acu\u00f1ar la segunda criptomoneda m\u00e1s importante por capitalizaci\u00f3n del mercado. Analistas esperan que pueda alcanzar los 520-550 $ siempre que se mantenga por encima de los 500$.<\/p><p>Etherum 2.0 previsto para el 1 de diciembre parece que tendr\u00e1 que esperar.<\/p>\t\t\t\t\t\t<\/div>\n\t\t\t\t<\/div>\n\t\t\t\t\t<\/div>\n\t\t<\/div>\n\t\t\t\t\t<\/div>\n\t\t<\/section>\n\t\t\t\t<section class=\"elementor-section elementor-top-section elementor-element elementor-element-0db4d0f elementor-section-boxed elementor-section-height-default elementor-section-height-default\" data-id=\"0db4d0f\" data-element_type=\"section\">\n\t\t\t\t\t\t<div class=\"elementor-container elementor-column-gap-default\">\n\t\t\t\t\t<div class=\"elementor-column elementor-col-66 elementor-top-column elementor-element elementor-element-d7ec3d1\" data-id=\"d7ec3d1\" data-element_type=\"column\">\n\t\t\t<div class=\"elementor-widget-wrap elementor-element-populated\">\n\t\t\t\t\t\t<div class=\"elementor-element elementor-element-3c96111 elementor-widget elementor-widget-text-editor\" data-id=\"3c96111\" data-element_type=\"widget\" data-widget_type=\"text-editor.default\">\n\t\t\t\t<div class=\"elementor-widget-container\">\n\t\t\t\t\t\t\t<p><span style=\"color: #000000;\">Viernes 20 Noviembre 2020.- La Comisi\u00f3n de Bolsa y Valores de EEUU, no ha impuesto ninguna regulaci\u00f3n al Bitcoin debido a que ha calificado a la criptomoneda no como valor sino como <strong>dep\u00f3sito de valor<\/strong>.<\/span><\/p>\t\t\t\t\t\t<\/div>\n\t\t\t\t<\/div>\n\t\t\t\t\t<\/div>\n\t\t<\/div>\n\t\t\t\t<div class=\"elementor-column elementor-col-33 elementor-top-column elementor-element elementor-element-5cca7e1\" data-id=\"5cca7e1\" data-element_type=\"column\">\n\t\t\t<div class=\"elementor-widget-wrap elementor-element-populated\">\n\t\t\t\t\t\t<div class=\"elementor-element elementor-element-fab6800 elementor-widget elementor-widget-heading\" data-id=\"fab6800\" data-element_type=\"widget\" data-widget_type=\"heading.default\">\n\t\t\t\t<div class=\"elementor-widget-container\">\n\t\t\t<h2 class=\"elementor-heading-title elementor-size-default\">Bitcoin<\/h2>\t\t<\/div>\n\t\t\t\t<\/div>\n\t\t\t\t\t<\/div>\n\t\t<\/div>\n\t\t\t\t\t<\/div>\n\t\t<\/section>\n\t\t\t\t<\/div>\n\t\t","protected":false},"excerpt":{"rendered":"<p>[et_pb_section bb_built=\u00bb1&#8243; _builder_version=\u00bb3.19.9&#8243;][et_pb_row _builder_version=\u00bb3.19.9&#8243;][et_pb_column type=\u00bb1_2&#8243;][et_pb_code _builder_version=\u00bb3.19.9&#8243;][\/et_pb_code][\/et_pb_column][et_pb_column type=\u00bb1_2&#8243;][et_pb_text _builder_version=\u00bb3.19.9&#8243;] En 1999 el visionario y Premio N\u00f3bel de Econom\u00eda dijo: \u00bb Creo que Internet ser\u00e1 una de las principales fuerzas para reducir el papel del gobierno. Lo \u00fanico que falta, pero que pronto se desarrollar\u00e1, es una divisa electr\u00f3nica confiable&#8230;\u00bb Milton Friedman Nueve a\u00f1os mas tarde, se [&hellip;]<\/p>\n","protected":false},"author":1,"featured_media":0,"parent":0,"menu_order":0,"comment_status":"closed","ping_status":"closed","template":"","meta":{"_et_pb_use_builder":"on","_et_pb_old_content":"","footnotes":""},"class_list":["post-947","page","type-page","status-publish","hentry"],"_links":{"self":[{"href":"https:\/\/www.elcuidadordelabolsa.com\/index.php?rest_route=\/wp\/v2\/pages\/947","targetHints":{"allow":["GET"]}}],"collection":[{"href":"https:\/\/www.elcuidadordelabolsa.com\/index.php?rest_route=\/wp\/v2\/pages"}],"about":[{"href":"https:\/\/www.elcuidadordelabolsa.com\/index.php?rest_route=\/wp\/v2\/types\/page"}],"author":[{"embeddable":true,"href":"https:\/\/www.elcuidadordelabolsa.com\/index.php?rest_route=\/wp\/v2\/users\/1"}],"replies":[{"embeddable":true,"href":"https:\/\/www.elcuidadordelabolsa.com\/index.php?rest_route=%2Fwp%2Fv2%2Fcomments&post=947"}],"version-history":[{"count":75,"href":"https:\/\/www.elcuidadordelabolsa.com\/index.php?rest_route=\/wp\/v2\/pages\/947\/revisions"}],"predecessor-version":[{"id":20773,"href":"https:\/\/www.elcuidadordelabolsa.com\/index.php?rest_route=\/wp\/v2\/pages\/947\/revisions\/20773"}],"wp:attachment":[{"href":"https:\/\/www.elcuidadordelabolsa.com\/index.php?rest_route=%2Fwp%2Fv2%2Fmedia&parent=947"}],"curies":[{"name":"wp","href":"https:\/\/api.w.org\/{rel}","templated":true}]}}