{"id":2646,"date":"2020-03-20T13:13:05","date_gmt":"2020-03-20T13:13:05","guid":{"rendered":"https:\/\/www.elcuidadordelabolsa.com\/?page_id=2646"},"modified":"2025-05-13T08:08:49","modified_gmt":"2025-05-13T08:08:49","slug":"y-digo-yo","status":"publish","type":"page","link":"https:\/\/www.elcuidadordelabolsa.com\/?page_id=2646","title":{"rendered":"Cierre de Cortos"},"content":{"rendered":"\t\t<div data-elementor-type=\"wp-page\" data-elementor-id=\"2646\" class=\"elementor elementor-2646\">\n\t\t\t\t\t\t<section class=\"elementor-section elementor-top-section elementor-element elementor-element-2abd080a elementor-section-full_width elementor-section-content-middle elementor-section-stretched elementor-section-height-default elementor-section-height-default\" data-id=\"2abd080a\" data-element_type=\"section\" data-settings=\"{&quot;background_background&quot;:&quot;classic&quot;,&quot;stretch_section&quot;:&quot;section-stretched&quot;}\">\n\t\t\t\t\t\t<div class=\"elementor-container elementor-column-gap-no\">\n\t\t\t\t\t<div class=\"elementor-column elementor-col-33 elementor-top-column elementor-element elementor-element-71bc47b0\" data-id=\"71bc47b0\" data-element_type=\"column\" data-settings=\"{&quot;background_background&quot;:&quot;classic&quot;}\">\n\t\t\t<div class=\"elementor-widget-wrap elementor-element-populated\">\n\t\t\t\t\t<div class=\"elementor-background-overlay\"><\/div>\n\t\t\t\t\t\t<div class=\"elementor-element elementor-element-7d82b91d elementor-widget elementor-widget-heading\" data-id=\"7d82b91d\" data-element_type=\"widget\" data-widget_type=\"heading.default\">\n\t\t\t\t<div class=\"elementor-widget-container\">\n\t\t\t<h4 class=\"elementor-heading-title elementor-size-default\">El cierre de cortos...<\/h4>\t\t<\/div>\n\t\t\t\t<\/div>\n\t\t\t\t\t<\/div>\n\t\t<\/div>\n\t\t\t\t<div class=\"elementor-column elementor-col-66 elementor-top-column elementor-element elementor-element-55f43ccf\" data-id=\"55f43ccf\" data-element_type=\"column\">\n\t\t\t<div class=\"elementor-widget-wrap elementor-element-populated\">\n\t\t\t\t\t\t<div class=\"elementor-element elementor-element-411a8e22 elementor-widget elementor-widget-text-editor\" data-id=\"411a8e22\" data-element_type=\"widget\" data-widget_type=\"text-editor.default\">\n\t\t\t\t<div class=\"elementor-widget-container\">\n\t\t\t\t\t\t\t<h6>19.03.2020<\/h6><p>La situaci\u00f3n plantea prohibir los <span style=\"color: #ffffff;\"><em>Cortos<\/em><\/span>, pero no solo deber\u00eda haber sido en Espa\u00f1a e Italia, sino que no deber\u00edan permitirse en todo el mundo. Los cortos deben existir para dar liquidez, para dar cobertura, pero en estos momentos es puramente especulador y lo \u00fanico que hacen es hundir valores.<\/p>\t\t\t\t\t\t<\/div>\n\t\t\t\t<\/div>\n\t\t\t\t<div class=\"elementor-element elementor-element-783d8709 elementor-widget elementor-widget-text-editor\" data-id=\"783d8709\" data-element_type=\"widget\" data-widget_type=\"text-editor.default\">\n\t\t\t\t<div class=\"elementor-widget-container\">\n\t\t\t\t\t\t\t<p><span style=\"color: #33cccc;\">Los Hedge Fund utilizan la venta de <em>Futuros<\/em> o la compra de credit para apostar a la baja fuertemente con cantidades ingentes de dinero y tumbar as\u00ed a las compa\u00f1\u00edas y provocando que se esfumen los ahorros de los inversores. En las circunstancias actuales hay que prohibir los <em>Cortos<\/em>, aqu\u00ed se ha hecho tarde y en EEUU deber\u00edan haber tomado una medida de este tipo.<\/span><\/p>\t\t\t\t\t\t<\/div>\n\t\t\t\t<\/div>\n\t\t\t\t<div class=\"elementor-element elementor-element-3845f1fc elementor-widget elementor-widget-text-editor\" data-id=\"3845f1fc\" data-element_type=\"widget\" data-widget_type=\"text-editor.default\">\n\t\t\t\t<div class=\"elementor-widget-container\">\n\t\t\t\t\t\t\t<p>La \u00fanica herramienta que se tiene para frenar a los Hedge Fund se llaman Bancos Centrales y la FED deber\u00eda intentar que con la prohibici\u00f3n de Cortos se cancelen la venta de <em>Futuros, <\/em>con recompra y se vendan los credits que han comprado los Hedge Fund. Esa es la primera medida y la mejor, que inyectar liquidez. Las posiciones<em> Cortas<\/em> ya han ganado mucho desde los 30.000 del DJ hasta los 18.000&#8230; Digo yo !!<\/p>\t\t\t\t\t\t<\/div>\n\t\t\t\t<\/div>\n\t\t\t\t\t<\/div>\n\t\t<\/div>\n\t\t\t\t\t<\/div>\n\t\t<\/section>\n\t\t\t\t<\/div>\n\t\t","protected":false},"excerpt":{"rendered":"<p>El cierre de cortos&#8230; 19.03.2020 La situaci\u00f3n plantea prohibir los Cortos, pero no solo deber\u00eda haber sido en Espa\u00f1a e Italia, sino que no deber\u00edan permitirse en todo el mundo. Los cortos deben existir para dar liquidez, para dar cobertura, pero en estos momentos es puramente especulador y lo \u00fanico que hacen es hundir valores. [&hellip;]<\/p>\n","protected":false},"author":1,"featured_media":0,"parent":0,"menu_order":0,"comment_status":"closed","ping_status":"closed","template":"","meta":{"_et_pb_use_builder":"","_et_pb_old_content":"","footnotes":""},"class_list":["post-2646","page","type-page","status-publish","hentry"],"_links":{"self":[{"href":"https:\/\/www.elcuidadordelabolsa.com\/index.php?rest_route=\/wp\/v2\/pages\/2646","targetHints":{"allow":["GET"]}}],"collection":[{"href":"https:\/\/www.elcuidadordelabolsa.com\/index.php?rest_route=\/wp\/v2\/pages"}],"about":[{"href":"https:\/\/www.elcuidadordelabolsa.com\/index.php?rest_route=\/wp\/v2\/types\/page"}],"author":[{"embeddable":true,"href":"https:\/\/www.elcuidadordelabolsa.com\/index.php?rest_route=\/wp\/v2\/users\/1"}],"replies":[{"embeddable":true,"href":"https:\/\/www.elcuidadordelabolsa.com\/index.php?rest_route=%2Fwp%2Fv2%2Fcomments&post=2646"}],"version-history":[{"count":23,"href":"https:\/\/www.elcuidadordelabolsa.com\/index.php?rest_route=\/wp\/v2\/pages\/2646\/revisions"}],"predecessor-version":[{"id":21247,"href":"https:\/\/www.elcuidadordelabolsa.com\/index.php?rest_route=\/wp\/v2\/pages\/2646\/revisions\/21247"}],"wp:attachment":[{"href":"https:\/\/www.elcuidadordelabolsa.com\/index.php?rest_route=%2Fwp%2Fv2%2Fmedia&parent=2646"}],"curies":[{"name":"wp","href":"https:\/\/api.w.org\/{rel}","templated":true}]}}