{"id":196,"date":"2019-05-05T10:12:41","date_gmt":"2019-05-05T10:12:41","guid":{"rendered":"http:\/\/www.elcuidadordelabolsa.com\/?page_id=196"},"modified":"2025-10-13T11:34:23","modified_gmt":"2025-10-13T11:34:23","slug":"cartera-1","status":"publish","type":"page","link":"https:\/\/www.elcuidadordelabolsa.com\/?page_id=196","title":{"rendered":"Actualidad del Fondo"},"content":{"rendered":"\t\t<div data-elementor-type=\"wp-post\" data-elementor-id=\"196\" class=\"elementor elementor-196\">\n\t\t\t\t\t\t<section class=\"elementor-section elementor-top-section elementor-element elementor-element-a8f75fd elementor-section-boxed elementor-section-height-default elementor-section-height-default\" data-id=\"a8f75fd\" data-element_type=\"section\">\n\t\t\t\t\t\t<div class=\"elementor-container elementor-column-gap-default\">\n\t\t\t\t\t<div class=\"elementor-column elementor-col-100 elementor-top-column elementor-element elementor-element-0c9edc4\" data-id=\"0c9edc4\" data-element_type=\"column\">\n\t\t\t<div class=\"elementor-widget-wrap elementor-element-populated\">\n\t\t\t\t\t\t<div class=\"elementor-element elementor-element-93e90e9 elementor-widget elementor-widget-image\" data-id=\"93e90e9\" data-element_type=\"widget\" data-widget_type=\"image.default\">\n\t\t\t\t<div class=\"elementor-widget-container\">\n\t\t\t\t\t\t\t\t\t\t\t\t\t<img decoding=\"async\" src=\"https:\/\/www.elcuidadordelabolsa.com\/wp-content\/plugins\/elementor\/assets\/images\/placeholder.png\" title=\"\" alt=\"\" loading=\"lazy\" \/>\t\t\t\t\t\t\t\t\t\t\t\t\t<\/div>\n\t\t\t\t<\/div>\n\t\t\t\t<div class=\"elementor-element elementor-element-e6e7482 elementor-widget elementor-widget-progress\" data-id=\"e6e7482\" data-element_type=\"widget\" data-widget_type=\"progress.default\">\n\t\t\t\t<div class=\"elementor-widget-container\">\n\t\t\t\t\t\t<span class=\"elementor-title\" id=\"elementor-progress-bar-e6e7482\">\n\t\t\t\tFondos de Inversi\u00f3n\t\t\t<\/span>\n\t\t\n\t\t<div aria-labelledby=\"elementor-progress-bar-e6e7482\" class=\"elementor-progress-wrapper progress-success\" role=\"progressbar\" aria-valuemin=\"0\" aria-valuemax=\"100\" aria-valuenow=\"71\" aria-valuetext=\"71% (Rentabilidad)\">\n\t\t\t<div class=\"elementor-progress-bar\" data-max=\"71\">\n\t\t\t\t<span class=\"elementor-progress-text\">Rentabilidad<\/span>\n\t\t\t\t\t\t\t\t\t<span class=\"elementor-progress-percentage\">71%<\/span>\n\t\t\t\t\t\t\t<\/div>\n\t\t<\/div>\n\t\t\t\t<\/div>\n\t\t\t\t<\/div>\n\t\t\t\t<div class=\"elementor-element elementor-element-e99b70f elementor--star-style-star_fontawesome elementor-widget elementor-widget-star-rating\" data-id=\"e99b70f\" data-element_type=\"widget\" data-widget_type=\"star-rating.default\">\n\t\t\t\t<div class=\"elementor-widget-container\">\n\t\t\t\n\t\t<div class=\"elementor-star-rating__wrapper\">\n\t\t\t\t\t\t<div class=\"elementor-star-rating\" title=\"4.5\/5\" itemtype=\"http:\/\/schema.org\/Rating\" itemscope=\"\" itemprop=\"reviewRating\"><i class=\"elementor-star-full\">&#xE934;<\/i><i class=\"elementor-star-full\">&#xE934;<\/i><i class=\"elementor-star-full\">&#xE934;<\/i><i class=\"elementor-star-full\">&#xE934;<\/i><i class=\"elementor-star-5\">&#xE934;<\/i> <span itemprop=\"ratingValue\" class=\"elementor-screen-only\">4.5\/5<\/span><\/div>\t\t<\/div>\n\t\t\t\t<\/div>\n\t\t\t\t<\/div>\n\t\t\t\t\t<\/div>\n\t\t<\/div>\n\t\t\t\t\t<\/div>\n\t\t<\/section>\n\t\t\t\t<section class=\"elementor-section elementor-top-section elementor-element elementor-element-306aaaf2 elementor-section-boxed elementor-section-height-default elementor-section-height-default\" data-id=\"306aaaf2\" data-element_type=\"section\">\n\t\t\t\t\t\t<div class=\"elementor-container elementor-column-gap-default\">\n\t\t\t\t\t<div class=\"elementor-column elementor-col-100 elementor-top-column elementor-element elementor-element-69f3ef48\" data-id=\"69f3ef48\" data-element_type=\"column\">\n\t\t\t<div class=\"elementor-widget-wrap elementor-element-populated\">\n\t\t\t\t\t\t<div class=\"elementor-element elementor-element-77e95c92 elementor-widget elementor-widget-text-editor\" data-id=\"77e95c92\" data-element_type=\"widget\" data-widget_type=\"text-editor.default\">\n\t\t\t\t<div class=\"elementor-widget-container\">\n\t\t\t\t\t\t\t<p><br \/><!-- \/wp:divi\/placeholder --><\/p>\t\t\t\t\t\t<\/div>\n\t\t\t\t<\/div>\n\t\t\t\t\t<\/div>\n\t\t<\/div>\n\t\t\t\t\t<\/div>\n\t\t<\/section>\n\t\t\t\t<section class=\"elementor-section elementor-top-section elementor-element elementor-element-70955bd elementor-section-boxed elementor-section-height-default elementor-section-height-default\" data-id=\"70955bd\" data-element_type=\"section\">\n\t\t\t\t\t\t<div class=\"elementor-container elementor-column-gap-default\">\n\t\t\t\t\t<div class=\"elementor-column elementor-col-50 elementor-top-column elementor-element elementor-element-46cf415\" data-id=\"46cf415\" data-element_type=\"column\">\n\t\t\t<div class=\"elementor-widget-wrap\">\n\t\t\t\t\t\t\t<\/div>\n\t\t<\/div>\n\t\t\t\t<div class=\"elementor-column elementor-col-50 elementor-top-column elementor-element elementor-element-224660d\" data-id=\"224660d\" data-element_type=\"column\">\n\t\t\t<div class=\"elementor-widget-wrap\">\n\t\t\t\t\t\t\t<\/div>\n\t\t<\/div>\n\t\t\t\t\t<\/div>\n\t\t<\/section>\n\t\t\t\t<section class=\"elementor-section elementor-top-section elementor-element elementor-element-4aeafff8 elementor-section-content-middle elementor-section-boxed elementor-section-height-default elementor-section-height-default\" data-id=\"4aeafff8\" data-element_type=\"section\">\n\t\t\t\t\t\t<div class=\"elementor-container elementor-column-gap-no\">\n\t\t\t\t\t<div class=\"elementor-column elementor-col-50 elementor-top-column elementor-element elementor-element-6174caa9\" data-id=\"6174caa9\" data-element_type=\"column\">\n\t\t\t<div class=\"elementor-widget-wrap elementor-element-populated\">\n\t\t\t\t\t\t<div class=\"elementor-element elementor-element-61b9e007 elementor-widget-divider--view-line elementor-widget elementor-widget-divider\" data-id=\"61b9e007\" data-element_type=\"widget\" data-widget_type=\"divider.default\">\n\t\t\t\t<div class=\"elementor-widget-container\">\n\t\t\t\t\t<div class=\"elementor-divider\">\n\t\t\t<span class=\"elementor-divider-separator\">\n\t\t\t\t\t\t<\/span>\n\t\t<\/div>\n\t\t\t\t<\/div>\n\t\t\t\t<\/div>\n\t\t\t\t\t<\/div>\n\t\t<\/div>\n\t\t\t\t<div class=\"elementor-column elementor-col-50 elementor-top-column elementor-element elementor-element-1f50cf02\" data-id=\"1f50cf02\" data-element_type=\"column\">\n\t\t\t<div class=\"elementor-widget-wrap elementor-element-populated\">\n\t\t\t\t\t\t<div class=\"elementor-element elementor-element-633183a2 elementor-widget elementor-widget-heading\" data-id=\"633183a2\" data-element_type=\"widget\" data-widget_type=\"heading.default\">\n\t\t\t\t<div class=\"elementor-widget-container\">\n\t\t\t<h5 class=\"elementor-heading-title elementor-size-default\">Informe de actualidad<\/h5>\t\t<\/div>\n\t\t\t\t<\/div>\n\t\t\t\t<div class=\"elementor-element elementor-element-3dabdd71 elementor-widget elementor-widget-heading\" data-id=\"3dabdd71\" data-element_type=\"widget\" data-widget_type=\"heading.default\">\n\t\t\t\t<div class=\"elementor-widget-container\">\n\t\t\t<h4 class=\"elementor-heading-title elementor-size-default\">Fidelity Global Technology<\/h4>\t\t<\/div>\n\t\t\t\t<\/div>\n\t\t\t\t<div class=\"elementor-element elementor-element-531f4965 elementor-widget elementor-widget-text-editor\" data-id=\"531f4965\" data-element_type=\"widget\" data-widget_type=\"text-editor.default\">\n\t\t\t\t<div class=\"elementor-widget-container\">\n\t\t\t\t\t\t\t<p class=\"partials__StyledNode-sc-1bshul6-0 jpuQBp\"><span style=\"color: #000000;\">27 Enero 2025<\/span><\/p><p class=\"partials__StyledNode-sc-1bshul6-0 jpuQBp\"><span style=\"color: #000000;\">La startup china de IA DeepSeek ha mostrado al mundo modelos de IA que ofrecen un rendimiento en gran medida comparable a los modelos ChatGPT de OpenAI y, seg\u00fan se informa, son relativamente m\u00e1s rentables. Esta ventaja en eficiencia ha planteado una serie de preguntas sobre los \u00abganadores\u00bb percibidos del ecosistema global de IA, las implicaciones en el capex de los hiperescaladores y su utilidad, as\u00ed como la eficacia de las sanciones y prohibiciones de exportaci\u00f3n destinadas a prevenir el progreso de la IA generativa de alto nivel en China.\u00a0<\/span><\/p><p class=\"partials__StyledNode-sc-1bshul6-0 jpuQBp\"><span style=\"color: #000000;\">Se trata de una situaci\u00f3n en constante evoluci\u00f3n y\u00a0<strong class=\"partials__StyledNode-sc-1bshul6-0 jpuQBp\">podr\u00edamos ver volatilidad a corto plazo hasta que quede claro cu\u00e1n m\u00e1s eficiente es esta tecnolog\u00eda<\/strong>. Aunque las implicaciones m\u00e1s amplias deben evaluarse caso por caso, en general creo que este desarrollo probablemente ser\u00e1 deflacionario. Esto es bueno para los usuarios finales y los proveedores de servicios, pero puede tener implicaciones negativas para el hardware.\u00a0<\/span><\/p><p class=\"partials__StyledNode-sc-1bshul6-0 jpuQBp\"><span style=\"color: #000000;\">Se trata de algo similar a lo que vimos en los comienzos de internet, cuando la gente subestim\u00f3 enormemente la escala de la innovaci\u00f3n, la adopci\u00f3n tecnol\u00f3gica y el potencial de los negocios de servicios, pero sobreestim\u00f3 enormemente el TAM (mercado total direccionable) del hardware.\u00a0<\/span><\/p><p class=\"partials__StyledNode-sc-1bshul6-0 jpuQBp\"><span style=\"color: #000000;\">Como llevo diciendo alg\u00fan tiempo,\u00a0<strong class=\"partials__StyledNode-sc-1bshul6-0 jpuQBp\">creo que muchos semiconductores de IA son caros, con un sentimiento, valoraciones y un impulso desacelerado<\/strong>\u00a0-las oportunidades m\u00e1s interesantes est\u00e1n en el ecosistema de servicios-. Es pronto, pero a\u00f1adir\u00eda que los desarrollos r\u00e1pidos relacionados con la IA generativa subrayan la necesidad de proximidad y conexi\u00f3n en todo el ecosistema tecnol\u00f3gico \u2013algo en lo que nos encontramos c\u00f3modos, dada la amplitud y profundidad de la cobertura de nuestro an\u00e1lisis-.<\/span><\/p><p class=\"partials__StyledNode-sc-1bshul6-0 jpuQBp\">Fuente: Hyunho Sohn &#8211; Gestor del fondo Fidelity Funds Global Technology Fund<br class=\"partials__AutocloseNode-sc-1bshul6-1 gCyNNK image_resized\" \/>\u00a0<\/p>\t\t\t\t\t\t<\/div>\n\t\t\t\t<\/div>\n\t\t\t\t\t<\/div>\n\t\t<\/div>\n\t\t\t\t\t<\/div>\n\t\t<\/section>\n\t\t\t\t<\/div>\n\t\t","protected":false},"excerpt":{"rendered":"<p>Fondos de Inversi\u00f3n Rentabilidad 71% &#xE934;&#xE934;&#xE934;&#xE934;&#xE934; 4.5\/5 Informe de actualidad Fidelity Global Technology 27 Enero 2025 La startup china de IA DeepSeek ha mostrado al mundo modelos de IA que ofrecen un rendimiento en gran medida comparable a los modelos ChatGPT de OpenAI y, seg\u00fan se informa, son relativamente m\u00e1s rentables. Esta ventaja en eficiencia [&hellip;]<\/p>\n","protected":false},"author":1,"featured_media":0,"parent":0,"menu_order":0,"comment_status":"closed","ping_status":"closed","template":"","meta":{"_et_pb_use_builder":"on","_et_pb_old_content":"","footnotes":""},"class_list":["post-196","page","type-page","status-publish","hentry"],"_links":{"self":[{"href":"https:\/\/www.elcuidadordelabolsa.com\/index.php?rest_route=\/wp\/v2\/pages\/196","targetHints":{"allow":["GET"]}}],"collection":[{"href":"https:\/\/www.elcuidadordelabolsa.com\/index.php?rest_route=\/wp\/v2\/pages"}],"about":[{"href":"https:\/\/www.elcuidadordelabolsa.com\/index.php?rest_route=\/wp\/v2\/types\/page"}],"author":[{"embeddable":true,"href":"https:\/\/www.elcuidadordelabolsa.com\/index.php?rest_route=\/wp\/v2\/users\/1"}],"replies":[{"embeddable":true,"href":"https:\/\/www.elcuidadordelabolsa.com\/index.php?rest_route=%2Fwp%2Fv2%2Fcomments&post=196"}],"version-history":[{"count":82,"href":"https:\/\/www.elcuidadordelabolsa.com\/index.php?rest_route=\/wp\/v2\/pages\/196\/revisions"}],"predecessor-version":[{"id":21356,"href":"https:\/\/www.elcuidadordelabolsa.com\/index.php?rest_route=\/wp\/v2\/pages\/196\/revisions\/21356"}],"wp:attachment":[{"href":"https:\/\/www.elcuidadordelabolsa.com\/index.php?rest_route=%2Fwp%2Fv2%2Fmedia&parent=196"}],"curies":[{"name":"wp","href":"https:\/\/api.w.org\/{rel}","templated":true}]}}