{"id":10375,"date":"2021-02-18T14:42:45","date_gmt":"2021-02-18T14:42:45","guid":{"rendered":"https:\/\/www.elcuidadordelabolsa.com\/?page_id=10375"},"modified":"2025-05-13T08:06:17","modified_gmt":"2025-05-13T08:06:17","slug":"cartera-sectorial","status":"publish","type":"page","link":"https:\/\/www.elcuidadordelabolsa.com\/?page_id=10375","title":{"rendered":"Estrategia Carteras"},"content":{"rendered":"\t\t<div data-elementor-type=\"wp-page\" data-elementor-id=\"10375\" class=\"elementor elementor-10375\">\n\t\t\t\t\t\t<section class=\"elementor-section elementor-top-section elementor-element elementor-element-41e0eab8 elementor-section-boxed elementor-section-height-default elementor-section-height-default\" data-id=\"41e0eab8\" data-element_type=\"section\">\n\t\t\t\t\t\t<div class=\"elementor-container elementor-column-gap-default\">\n\t\t\t\t\t<div class=\"elementor-column elementor-col-100 elementor-top-column elementor-element elementor-element-78d0ebd8\" data-id=\"78d0ebd8\" data-element_type=\"column\">\n\t\t\t<div class=\"elementor-widget-wrap elementor-element-populated\">\n\t\t\t\t\t\t<div class=\"elementor-element elementor-element-2b967984 elementor-widget elementor-widget-text-editor\" data-id=\"2b967984\" data-element_type=\"widget\" data-widget_type=\"text-editor.default\">\n\t\t\t\t<div class=\"elementor-widget-container\">\n\t\t\t\t\t\t\t<ul><li><h4><span style=\"color: #ff0000;\">\u00a0<\/span><\/h4><\/li><li>\u00a0<\/li><li><span style=\"color: #000080;\">\u00a0<\/span><\/li><li><span style=\"color: #000080;\">\u00a0<\/span><\/li><li><span style=\"color: #333399;\">\u00a0<\/span><\/li><li><h4><span style=\"color: #ff0000;\">E<\/span><span style=\"color: #ff0000;\">strategia:<\/span><\/h4><\/li><li><h4><span style=\"color: #000080;\"> <br \/><em>\u00ab&#8230;El principio de nuestra especulaci\u00f3n es reconocer cuando nos hemos equivocado y no ser necios&#8230;\u00bb<\/em><\/span><\/h4><\/li><li><h4 style=\"text-align: center;\"><span style=\"color: #000080;\"><em>\u00abUna m\u00e1xima&#8230;El inversor que ha tenido suerte, es un mal inversor\u00bb<\/em><\/span><\/h4><\/li><li>\u00a0<\/li><li><span style=\"color: #000080;\"><strong>STOP<\/strong>: Colocar un stop de perdidas en el <span style=\"text-decoration: underline;\">entorno<\/span> del 4%, esto deber\u00eda ser suficiente y significar\u00eda que nuestro potencial objetivo de beneficio estar\u00eda en tres veces mas, es decir que merezca la pena asumir el riesgo y para ello debemos estar pr\u00f3ximos al <strong>soporte<\/strong> (S) o bien una vez haya roto su <strong>resistencia<\/strong> (R) y que pasar\u00eda a ser el nuevo soporte.<br \/><\/span><\/li><li>\u00a0<\/li><li><span style=\"color: #000080;\"><b>DIVERSIFICAR:<\/b> Aunque nuestro dinero tenga un l\u00edmite, diversificar ser\u00eda lo aconsejable, pero estudios realizados por universidades americanas, establecen que a partir de 18 acciones ya no aportan mayor diversificaci\u00f3n&#8230;<\/span><\/li><li><span style=\"color: #000080;\">Pese a la debilidad de nuestro mercado dom\u00e9stico, el Ibex resulta inevitable tenerlo en nuestra cartera, pero tambien otros mercados como Europa y EEUU, etc&#8230; esto puede ser a trav\u00e9s de acciones o de Fondos de Inversi\u00f3n y como no de los poco conocidos ETFs que son Fondos de Inversi\u00f3n (FI) sin Gesti\u00f3n Activa que se limitan a replicar su \u00edndice de referencia, por lo que sus costes frente al FI tradicional son muy bajos, muy atractivos para el inversor y menos para las entidades bancarias. Adem\u00e1s los ETFs llegan a nichos de Mercado que mejoran la diversificaci\u00f3n.<\/span><\/li><li>\u00a0<\/li><li><span style=\"color: #000080;\"><strong>MOMENTUM<\/strong>: Cuando un valor sube mucho acaba por corregir, acercandose a la zona de su Media M\u00f3vil y buen momento con un amplio ratio rentabilidad \/riesgo. Hay que cultivar la paciencia, no debemos apresurarnos a comprar, esperar que de signos de dejar de hacerlo cuando veamos peque\u00f1os rebotes.<\/span><\/li><li><span style=\"color: #000080;\">Si esta en desarrollo de tendencia conviene observar dos cosas: primero el \u00faltimo hueco alcista o el 50% de la \u00faltima vela blanca importante que nos haya dejado pr\u00f3xima en el tiempo.<\/span><\/li><li>\u00a0<\/li><li><span style=\"color: #000080;\"><strong>CUENTA EN D\u00d3LARES:<\/strong> Ser\u00eda aconsejable, tener abierta una cuenta en divisas\/d\u00f3lares en su banco, se hace de la misma forma que cuando se abre una cuenta y con ello conseguiremos no restar perdidas con el cambio de moneda cuando esta es en otra diferente al euro, como por ejemplo el d\u00f3lar y as\u00ed volver a comprar en la misma divisa.<\/span><\/li><li>\u00a0<\/li><li><span style=\"color: #000080;\"><strong>OPERATIVA:<\/strong> No parece buena idea comprar en los primeros momentos de la apertura, lo suelen hacer los novatos y no siempre sale bien&#8230;Mucho cuidado con los viernes, el fin de semana es muy laaargo y en ocasiones el lunes vienen los sustos. <br \/><\/span><\/li><li><span style=\"color: #000080;\">Mucho peligro en acciones americanas por debajo de los 10 d\u00f3lares.<\/span><\/li><\/ul>\t\t\t\t\t\t<\/div>\n\t\t\t\t<\/div>\n\t\t\t\t\t<\/div>\n\t\t<\/div>\n\t\t\t\t\t<\/div>\n\t\t<\/section>\n\t\t\t\t<\/div>\n\t\t","protected":false},"excerpt":{"rendered":"<p>[et_pb_section bb_built=\u00bb1&#8243;][et_pb_row][et_pb_column type=\u00bb4_4&#8243;][et_pb_text] \u00a0 \u00a0 \u00a0 \u00a0 \u00a0 Estrategia: \u00ab&#8230;El principio de nuestra especulaci\u00f3n es reconocer cuando nos hemos equivocado y no ser necios&#8230;\u00bb \u00abUna m\u00e1xima&#8230;El inversor que ha tenido suerte, es un mal inversor\u00bb \u00a0 STOP: Colocar un stop de perdidas en el entorno del 4%, esto deber\u00eda ser suficiente y significar\u00eda que nuestro [&hellip;]<\/p>\n","protected":false},"author":1,"featured_media":0,"parent":0,"menu_order":0,"comment_status":"closed","ping_status":"closed","template":"","meta":{"_et_pb_use_builder":"on","_et_pb_old_content":"<ul><li><h4>\u00a0<\/h4><\/li><li>\u00a0<\/li><li>\u00a0<\/li><li>\u00a0<\/li><li>\u00a0<\/li><li><h4>Estrategia:<\/h4><\/li><li><h4> <br \/><em>\"...El principio de nuestra especulaci\u00f3n es reconocer cuando nos hemos equivocado y no ser necios...\"<\/em><\/h4><\/li><li><h4 style=\"text-align: center;\"><em>\"Una m\u00e1xima...El inversor que ha tenido suerte, es un mal inversor\"<\/em><\/h4><\/li><li>\u00a0<\/li><li><strong>STOP<\/strong>: Colocar un stop de perdidas en el entorno del 4%, esto deber\u00eda ser suficiente y significar\u00eda que nuestro potencial objetivo de beneficio estar\u00eda en tres veces mas, es decir que merezca la pena asumir el riesgo y para ello debemos estar pr\u00f3ximos al <strong>soporte<\/strong> (S) o bien una vez haya roto su <strong>resistencia<\/strong> (R) y que pasar\u00eda a ser el nuevo soporte.<br \/><\/li><li>\u00a0<\/li><li><b>DIVERSIFICAR:<\/b> Aunque nuestro dinero tenga un l\u00edmite, diversificar ser\u00eda lo aconsejable, pero estudios realizados por universidades americanas, establecen que a partir de 18 acciones ya no aportan mayor diversificaci\u00f3n...<\/li><li>Pese a la debilidad de nuestro mercado dom\u00e9stico, el Ibex resulta inevitable tenerlo en nuestra cartera, pero tambien otros mercados como Europa y EEUU, etc... esto puede ser a trav\u00e9s de acciones o de Fondos de Inversi\u00f3n y como no de los poco conocidos ETFs que son Fondos de Inversi\u00f3n (FI) sin Gesti\u00f3n Activa que se limitan a replicar su \u00edndice de referencia, por lo que sus costes frente al FI tradicional son muy bajos, muy atractivos para el inversor y menos para las entidades bancarias. Adem\u00e1s los ETFs llegan a nichos de Mercado que mejoran la diversificaci\u00f3n.<\/li><li>\u00a0<\/li><li><strong>MOMENTUM<\/strong>: Cuando un valor sube mucho acaba por corregir, acercandose a la zona de su Media M\u00f3vil y buen momento con un amplio ratio rentabilidad \/riesgo. Hay que cultivar la paciencia, no debemos apresurarnos a comprar, esperar que de signos de dejar de hacerlo cuando veamos peque\u00f1os rebotes.<\/li><li>Si esta en desarrollo de tendencia conviene observar dos cosas: primero el \u00faltimo hueco alcista o el 50% de la \u00faltima vela blanca importante que nos haya dejado pr\u00f3xima en el tiempo.<\/li><li>\u00a0<\/li><li><strong>CUENTA EN D\u00d3LARES:<\/strong> Ser\u00eda aconsejable, tener abierta una cuenta en divisas\/d\u00f3lares en su banco, se hace de la misma forma que cuando se abre una cuenta y con ello conseguiremos no restar perdidas con el cambio de moneda cuando esta es en otra diferente al euro, como por ejemplo el d\u00f3lar y as\u00ed volver a comprar en la misma divisa.<\/li><li>\u00a0<\/li><li><strong>OPERATIVA:<\/strong> No parece buena idea comprar en los primeros momentos de la apertura, lo suelen hacer los novatos y no siempre sale bien...Mucho cuidado con los viernes, el fin de semana es muy laaargo y en ocasiones el lunes vienen los sustos. <br \/><\/li><li>Mucho peligro en acciones americanas por debajo de los 10 d\u00f3lares.<\/li><\/ul>","footnotes":""},"class_list":["post-10375","page","type-page","status-publish","hentry"],"_links":{"self":[{"href":"https:\/\/www.elcuidadordelabolsa.com\/index.php?rest_route=\/wp\/v2\/pages\/10375","targetHints":{"allow":["GET"]}}],"collection":[{"href":"https:\/\/www.elcuidadordelabolsa.com\/index.php?rest_route=\/wp\/v2\/pages"}],"about":[{"href":"https:\/\/www.elcuidadordelabolsa.com\/index.php?rest_route=\/wp\/v2\/types\/page"}],"author":[{"embeddable":true,"href":"https:\/\/www.elcuidadordelabolsa.com\/index.php?rest_route=\/wp\/v2\/users\/1"}],"replies":[{"embeddable":true,"href":"https:\/\/www.elcuidadordelabolsa.com\/index.php?rest_route=%2Fwp%2Fv2%2Fcomments&post=10375"}],"version-history":[{"count":304,"href":"https:\/\/www.elcuidadordelabolsa.com\/index.php?rest_route=\/wp\/v2\/pages\/10375\/revisions"}],"predecessor-version":[{"id":21244,"href":"https:\/\/www.elcuidadordelabolsa.com\/index.php?rest_route=\/wp\/v2\/pages\/10375\/revisions\/21244"}],"wp:attachment":[{"href":"https:\/\/www.elcuidadordelabolsa.com\/index.php?rest_route=%2Fwp%2Fv2%2Fmedia&parent=10375"}],"curies":[{"name":"wp","href":"https:\/\/api.w.org\/{rel}","templated":true}]}}